{"id":191,"date":"2023-11-22T13:52:08","date_gmt":"2023-11-22T16:52:08","guid":{"rendered":"https:\/\/infraloc.com.br\/?page_id=191"},"modified":"2023-11-27T16:53:35","modified_gmt":"2023-11-27T19:53:35","slug":"madeira","status":"publish","type":"page","link":"https:\/\/infraloc.com.br\/index.php\/madeira\/","title":{"rendered":"Madeira"},"content":{"rendered":"\t\t<div data-elementor-type=\"wp-page\" data-elementor-id=\"191\" class=\"elementor elementor-191\" data-elementor-post-type=\"page\">\n\t\t\t\t<div class=\"elementor-element elementor-element-884725d e-flex e-con-boxed e-con e-parent\" data-id=\"884725d\" data-element_type=\"container\" data-e-type=\"container\">\n\t\t\t\t\t<div class=\"e-con-inner\">\n\t\t\t\t<div class=\"elementor-element elementor-element-3ba429b elementor-widget elementor-widget-heading\" data-id=\"3ba429b\" data-element_type=\"widget\" data-e-type=\"widget\" data-widget_type=\"heading.default\">\n\t\t\t\t<div class=\"elementor-widget-container\">\n\t\t\t\t\t<h2 class=\"elementor-heading-title elementor-size-default\">Toda a linha madeira para voc\u00ea<\/h2>\t\t\t\t<\/div>\n\t\t\t\t<\/div>\n\t\t\t\t\t<\/div>\n\t\t\t\t<\/div>\n\t\t<div class=\"elementor-element elementor-element-66b62b4 e-flex e-con-boxed e-con e-parent\" data-id=\"66b62b4\" data-element_type=\"container\" data-e-type=\"container\">\n\t\t\t\t\t<div class=\"e-con-inner\">\n\t\t<div class=\"elementor-element elementor-element-43e4d00 e-con-full e-flex elementor-invisible e-con e-child\" data-id=\"43e4d00\" data-element_type=\"container\" data-e-type=\"container\" data-settings=\"{&quot;animation&quot;:&quot;fadeIn&quot;}\">\n\t\t\t\t<div class=\"elementor-element elementor-element-899ed5f elementor-widget elementor-widget-image\" data-id=\"899ed5f\" data-element_type=\"widget\" data-e-type=\"widget\" data-widget_type=\"image.default\">\n\t\t\t\t<div class=\"elementor-widget-container\">\n\t\t\t\t\t\t\t\t\t\t\t\t\t\t\t<img fetchpriority=\"high\" decoding=\"async\" width=\"212\" height=\"396\" src=\"https:\/\/infraloc.com.br\/wp-content\/uploads\/2023\/11\/Armario-fechado-2.png\" class=\"attachment-full size-full wp-image-195\" alt=\"\" srcset=\"https:\/\/infraloc.com.br\/wp-content\/uploads\/2023\/11\/Armario-fechado-2.png 212w, https:\/\/infraloc.com.br\/wp-content\/uploads\/2023\/11\/Armario-fechado-2-161x300.png 161w\" sizes=\"(max-width: 212px) 100vw, 212px\" \/>\t\t\t\t\t\t\t\t\t\t\t\t\t\t\t<\/div>\n\t\t\t\t<\/div>\n\t\t\t\t<div class=\"elementor-element elementor-element-cd0d8c0 elementor-widget elementor-widget-heading\" data-id=\"cd0d8c0\" data-element_type=\"widget\" data-e-type=\"widget\" data-widget_type=\"heading.default\">\n\t\t\t\t<div class=\"elementor-widget-container\">\n\t\t\t\t\t<h4 class=\"elementor-heading-title elementor-size-default\">ARM\u00c1RIO FECHADO<\/h4>\t\t\t\t<\/div>\n\t\t\t\t<\/div>\n\t\t\t\t<div class=\"elementor-element elementor-element-c6bdb70 elementor-widget elementor-widget-heading\" data-id=\"c6bdb70\" data-element_type=\"widget\" data-e-type=\"widget\" data-widget_type=\"heading.default\">\n\t\t\t\t<div class=\"elementor-widget-container\">\n\t\t\t\t\t<h4 class=\"elementor-heading-title elementor-size-default\">ARM2001<\/h4>\t\t\t\t<\/div>\n\t\t\t\t<\/div>\n\t\t\t\t<\/div>\n\t\t<div class=\"elementor-element elementor-element-77588ba e-con-full e-flex elementor-invisible e-con e-child\" data-id=\"77588ba\" data-element_type=\"container\" data-e-type=\"container\" data-settings=\"{&quot;animation&quot;:&quot;fadeIn&quot;,&quot;animation_delay&quot;:300}\">\n\t\t\t\t<div class=\"elementor-element elementor-element-9e2345f elementor-widget elementor-widget-image\" data-id=\"9e2345f\" data-element_type=\"widget\" data-e-type=\"widget\" data-widget_type=\"image.default\">\n\t\t\t\t<div class=\"elementor-widget-container\">\n\t\t\t\t\t\t\t\t\t\t\t\t\t\t\t<img decoding=\"async\" width=\"196\" height=\"367\" src=\"https:\/\/infraloc.com.br\/wp-content\/uploads\/2023\/11\/Armario-semi-aberto-1.png\" class=\"attachment-full size-full wp-image-196\" alt=\"\" srcset=\"https:\/\/infraloc.com.br\/wp-content\/uploads\/2023\/11\/Armario-semi-aberto-1.png 196w, https:\/\/infraloc.com.br\/wp-content\/uploads\/2023\/11\/Armario-semi-aberto-1-160x300.png 160w\" sizes=\"(max-width: 196px) 100vw, 196px\" \/>\t\t\t\t\t\t\t\t\t\t\t\t\t\t\t<\/div>\n\t\t\t\t<\/div>\n\t\t\t\t<div class=\"elementor-element elementor-element-6a51970 elementor-widget elementor-widget-heading\" data-id=\"6a51970\" data-element_type=\"widget\" data-e-type=\"widget\" data-widget_type=\"heading.default\">\n\t\t\t\t<div class=\"elementor-widget-container\">\n\t\t\t\t\t<h4 class=\"elementor-heading-title elementor-size-default\">ARM\u00c1RIO SEMI-ABERTO<\/h4>\t\t\t\t<\/div>\n\t\t\t\t<\/div>\n\t\t\t\t<div class=\"elementor-element elementor-element-07d721e elementor-widget elementor-widget-heading\" data-id=\"07d721e\" data-element_type=\"widget\" data-e-type=\"widget\" data-widget_type=\"heading.default\">\n\t\t\t\t<div class=\"elementor-widget-container\">\n\t\t\t\t\t<h4 class=\"elementor-heading-title elementor-size-default\">ARM2002<\/h4>\t\t\t\t<\/div>\n\t\t\t\t<\/div>\n\t\t\t\t<\/div>\n\t\t<div class=\"elementor-element elementor-element-5130927 e-con-full e-flex elementor-invisible e-con e-child\" data-id=\"5130927\" data-element_type=\"container\" data-e-type=\"container\" data-settings=\"{&quot;animation&quot;:&quot;fadeIn&quot;,&quot;animation_delay&quot;:600}\">\n\t\t\t\t<div class=\"elementor-element elementor-element-6fbbe34 elementor-widget elementor-widget-image\" data-id=\"6fbbe34\" data-element_type=\"widget\" data-e-type=\"widget\" data-widget_type=\"image.default\">\n\t\t\t\t<div class=\"elementor-widget-container\">\n\t\t\t\t\t\t\t\t\t\t\t\t\t\t\t<img decoding=\"async\" width=\"260\" height=\"259\" src=\"https:\/\/infraloc.com.br\/wp-content\/uploads\/2023\/11\/Armario-baixo-2.png\" class=\"attachment-large size-large wp-image-193\" alt=\"\" srcset=\"https:\/\/infraloc.com.br\/wp-content\/uploads\/2023\/11\/Armario-baixo-2.png 260w, https:\/\/infraloc.com.br\/wp-content\/uploads\/2023\/11\/Armario-baixo-2-150x150.png 150w\" sizes=\"(max-width: 260px) 100vw, 260px\" \/>\t\t\t\t\t\t\t\t\t\t\t\t\t\t\t<\/div>\n\t\t\t\t<\/div>\n\t\t\t\t<div class=\"elementor-element elementor-element-626f69c elementor-widget elementor-widget-heading\" data-id=\"626f69c\" data-element_type=\"widget\" data-e-type=\"widget\" data-widget_type=\"heading.default\">\n\t\t\t\t<div class=\"elementor-widget-container\">\n\t\t\t\t\t<h4 class=\"elementor-heading-title elementor-size-default\">ARM\u00c1RIO BAIXO<\/h4>\t\t\t\t<\/div>\n\t\t\t\t<\/div>\n\t\t\t\t<div class=\"elementor-element elementor-element-fe935ba elementor-widget elementor-widget-heading\" data-id=\"fe935ba\" data-element_type=\"widget\" data-e-type=\"widget\" data-widget_type=\"heading.default\">\n\t\t\t\t<div class=\"elementor-widget-container\">\n\t\t\t\t\t<h4 class=\"elementor-heading-title elementor-size-default\">ARM2003<\/h4>\t\t\t\t<\/div>\n\t\t\t\t<\/div>\n\t\t\t\t<\/div>\n\t\t<div class=\"elementor-element elementor-element-80790ac e-con-full e-flex elementor-invisible e-con e-child\" data-id=\"80790ac\" data-element_type=\"container\" data-e-type=\"container\" data-settings=\"{&quot;animation&quot;:&quot;fadeIn&quot;,&quot;animation_delay&quot;:900}\">\n\t\t\t\t<div class=\"elementor-element elementor-element-33b8684 elementor-widget elementor-widget-image\" data-id=\"33b8684\" data-element_type=\"widget\" data-e-type=\"widget\" data-widget_type=\"image.default\">\n\t\t\t\t<div class=\"elementor-widget-container\">\n\t\t\t\t\t\t\t\t\t\t\t\t\t\t\t<img loading=\"lazy\" decoding=\"async\" width=\"202\" height=\"354\" src=\"https:\/\/infraloc.com.br\/wp-content\/uploads\/2023\/11\/arquivo-4g-1.png\" class=\"attachment-full size-full wp-image-197\" alt=\"\" srcset=\"https:\/\/infraloc.com.br\/wp-content\/uploads\/2023\/11\/arquivo-4g-1.png 202w, https:\/\/infraloc.com.br\/wp-content\/uploads\/2023\/11\/arquivo-4g-1-171x300.png 171w\" sizes=\"(max-width: 202px) 100vw, 202px\" \/>\t\t\t\t\t\t\t\t\t\t\t\t\t\t\t<\/div>\n\t\t\t\t<\/div>\n\t\t\t\t<div class=\"elementor-element elementor-element-6044bba elementor-widget elementor-widget-heading\" data-id=\"6044bba\" data-element_type=\"widget\" data-e-type=\"widget\" data-widget_type=\"heading.default\">\n\t\t\t\t<div class=\"elementor-widget-container\">\n\t\t\t\t\t<h4 class=\"elementor-heading-title elementor-size-default\">ARQUIVO 4G<\/h4>\t\t\t\t<\/div>\n\t\t\t\t<\/div>\n\t\t\t\t<div class=\"elementor-element elementor-element-25bc76e elementor-widget elementor-widget-heading\" data-id=\"25bc76e\" data-element_type=\"widget\" data-e-type=\"widget\" data-widget_type=\"heading.default\">\n\t\t\t\t<div class=\"elementor-widget-container\">\n\t\t\t\t\t<h4 class=\"elementor-heading-title elementor-size-default\">ARQ2001<\/h4>\t\t\t\t<\/div>\n\t\t\t\t<\/div>\n\t\t\t\t<\/div>\n\t\t<div class=\"elementor-element elementor-element-14e05e0 e-con-full e-flex elementor-invisible e-con e-child\" data-id=\"14e05e0\" data-element_type=\"container\" data-e-type=\"container\" data-settings=\"{&quot;animation&quot;:&quot;fadeIn&quot;,&quot;animation_delay&quot;:1200}\">\n\t\t\t\t<div class=\"elementor-element elementor-element-a1c3432 elementor-widget elementor-widget-image\" data-id=\"a1c3432\" data-element_type=\"widget\" data-e-type=\"widget\" data-widget_type=\"image.default\">\n\t\t\t\t<div class=\"elementor-widget-container\">\n\t\t\t\t\t\t\t\t\t\t\t\t\t\t\t<img loading=\"lazy\" decoding=\"async\" width=\"214\" height=\"310\" src=\"https:\/\/infraloc.com.br\/wp-content\/uploads\/2023\/11\/gavetei-volante-1.png\" class=\"attachment-full size-full wp-image-200\" alt=\"\" srcset=\"https:\/\/infraloc.com.br\/wp-content\/uploads\/2023\/11\/gavetei-volante-1.png 214w, https:\/\/infraloc.com.br\/wp-content\/uploads\/2023\/11\/gavetei-volante-1-207x300.png 207w\" sizes=\"(max-width: 214px) 100vw, 214px\" \/>\t\t\t\t\t\t\t\t\t\t\t\t\t\t\t<\/div>\n\t\t\t\t<\/div>\n\t\t\t\t<div class=\"elementor-element elementor-element-71a1df8 elementor-widget elementor-widget-heading\" data-id=\"71a1df8\" data-element_type=\"widget\" data-e-type=\"widget\" data-widget_type=\"heading.default\">\n\t\t\t\t<div class=\"elementor-widget-container\">\n\t\t\t\t\t<h4 class=\"elementor-heading-title elementor-size-default\">GAVETEIRO VOLANTE 3G<\/h4>\t\t\t\t<\/div>\n\t\t\t\t<\/div>\n\t\t\t\t<div class=\"elementor-element elementor-element-8084c6a elementor-widget elementor-widget-heading\" data-id=\"8084c6a\" data-element_type=\"widget\" data-e-type=\"widget\" data-widget_type=\"heading.default\">\n\t\t\t\t<div class=\"elementor-widget-container\">\n\t\t\t\t\t<h4 class=\"elementor-heading-title elementor-size-default\">GAV2001<\/h4>\t\t\t\t<\/div>\n\t\t\t\t<\/div>\n\t\t\t\t<\/div>\n\t\t<div class=\"elementor-element elementor-element-9ad0354 e-con-full e-flex elementor-invisible e-con e-child\" data-id=\"9ad0354\" data-element_type=\"container\" data-e-type=\"container\" data-settings=\"{&quot;animation&quot;:&quot;fadeIn&quot;,&quot;animation_delay&quot;:1600}\">\n\t\t\t\t<div class=\"elementor-element elementor-element-e619c06 elementor-widget elementor-widget-image\" data-id=\"e619c06\" data-element_type=\"widget\" data-e-type=\"widget\" data-widget_type=\"image.default\">\n\t\t\t\t<div class=\"elementor-widget-container\">\n\t\t\t\t\t\t\t\t\t\t\t\t\t\t\t<img loading=\"lazy\" decoding=\"async\" width=\"229\" height=\"332\" src=\"https:\/\/infraloc.com.br\/wp-content\/uploads\/2023\/11\/gavetei-volante-4g-1.png\" class=\"attachment-full size-full wp-image-199\" alt=\"\" srcset=\"https:\/\/infraloc.com.br\/wp-content\/uploads\/2023\/11\/gavetei-volante-4g-1.png 229w, https:\/\/infraloc.com.br\/wp-content\/uploads\/2023\/11\/gavetei-volante-4g-1-207x300.png 207w\" sizes=\"(max-width: 229px) 100vw, 229px\" \/>\t\t\t\t\t\t\t\t\t\t\t\t\t\t\t<\/div>\n\t\t\t\t<\/div>\n\t\t\t\t<div class=\"elementor-element elementor-element-9ddca5c elementor-widget elementor-widget-heading\" data-id=\"9ddca5c\" data-element_type=\"widget\" data-e-type=\"widget\" data-widget_type=\"heading.default\">\n\t\t\t\t<div class=\"elementor-widget-container\">\n\t\t\t\t\t<h4 class=\"elementor-heading-title elementor-size-default\">GAVETEIRO VOLANTE 4G<\/h4>\t\t\t\t<\/div>\n\t\t\t\t<\/div>\n\t\t\t\t<div class=\"elementor-element elementor-element-4c1f486 elementor-widget elementor-widget-heading\" data-id=\"4c1f486\" data-element_type=\"widget\" data-e-type=\"widget\" data-widget_type=\"heading.default\">\n\t\t\t\t<div class=\"elementor-widget-container\">\n\t\t\t\t\t<h4 class=\"elementor-heading-title elementor-size-default\">GAV2002<\/h4>\t\t\t\t<\/div>\n\t\t\t\t<\/div>\n\t\t\t\t<\/div>\n\t\t\t\t\t<\/div>\n\t\t\t\t<\/div>\n\t\t<div class=\"elementor-element elementor-element-c20880e e-flex e-con-boxed e-con e-parent\" data-id=\"c20880e\" data-element_type=\"container\" data-e-type=\"container\">\n\t\t\t\t\t<div class=\"e-con-inner\">\n\t\t\t\t<div class=\"elementor-element elementor-element-d7ecd45 elementor-widget elementor-widget-heading\" data-id=\"d7ecd45\" data-element_type=\"widget\" data-e-type=\"widget\" data-widget_type=\"heading.default\">\n\t\t\t\t<div class=\"elementor-widget-container\">\n\t\t\t\t\t<h3 class=\"elementor-heading-title elementor-size-default\">Veja todos os nossos produtos clicando no bot\u00e3o abaixo<\/h3>\t\t\t\t<\/div>\n\t\t\t\t<\/div>\n\t\t\t\t<div class=\"elementor-element elementor-element-3774ce4 elementor-align-center elementor-widget elementor-widget-button\" data-id=\"3774ce4\" data-element_type=\"widget\" data-e-type=\"widget\" data-widget_type=\"button.default\">\n\t\t\t\t<div class=\"elementor-widget-container\">\n\t\t\t\t\t\t\t\t\t<div class=\"elementor-button-wrapper\">\n\t\t\t\t\t<a class=\"elementor-button elementor-button-link elementor-size-sm\" href=\"https:\/\/infraloc.com.br\/wp-content\/uploads\/2023\/11\/CATALOGO.pdf\">\n\t\t\t\t\t\t<span class=\"elementor-button-content-wrapper\">\n\t\t\t\t\t\t\t\t\t<span class=\"elementor-button-text\">Cat\u00e1logo Completo<\/span>\n\t\t\t\t\t<\/span>\n\t\t\t\t\t<\/a>\n\t\t\t\t<\/div>\n\t\t\t\t\t\t\t\t<\/div>\n\t\t\t\t<\/div>\n\t\t\t\t\t<\/div>\n\t\t\t\t<\/div>\n\t\t\t\t<\/div>\n\t\t","protected":false},"excerpt":{"rendered":"<p>Toda a linha madeira para voc\u00ea ARM\u00c1RIO FECHADO ARM2001 ARM\u00c1RIO SEMI-ABERTO ARM2002 ARM\u00c1RIO BAIXO ARM2003 ARQUIVO 4G ARQ2001 GAVETEIRO VOLANTE 3G GAV2001 GAVETEIRO VOLANTE 4G GAV2002 Veja todos os nossos produtos clicando no bot\u00e3o abaixo Cat\u00e1logo Completo<\/p>\n","protected":false},"author":1,"featured_media":0,"parent":0,"menu_order":0,"comment_status":"closed","ping_status":"closed","template":"elementor_header_footer","meta":{"footnotes":""},"class_list":["post-191","page","type-page","status-publish","hentry"],"_hostinger_reach_plugin_has_subscription_block":false,"_hostinger_reach_plugin_is_elementor":false,"_links":{"self":[{"href":"https:\/\/infraloc.com.br\/index.php\/wp-json\/wp\/v2\/pages\/191","targetHints":{"allow":["GET"]}}],"collection":[{"href":"https:\/\/infraloc.com.br\/index.php\/wp-json\/wp\/v2\/pages"}],"about":[{"href":"https:\/\/infraloc.com.br\/index.php\/wp-json\/wp\/v2\/types\/page"}],"author":[{"embeddable":true,"href":"https:\/\/infraloc.com.br\/index.php\/wp-json\/wp\/v2\/users\/1"}],"replies":[{"embeddable":true,"href":"https:\/\/infraloc.com.br\/index.php\/wp-json\/wp\/v2\/comments?post=191"}],"version-history":[{"count":19,"href":"https:\/\/infraloc.com.br\/index.php\/wp-json\/wp\/v2\/pages\/191\/revisions"}],"predecessor-version":[{"id":496,"href":"https:\/\/infraloc.com.br\/index.php\/wp-json\/wp\/v2\/pages\/191\/revisions\/496"}],"wp:attachment":[{"href":"https:\/\/infraloc.com.br\/index.php\/wp-json\/wp\/v2\/media?parent=191"}],"curies":[{"name":"wp","href":"https:\/\/api.w.org\/{rel}","templated":true}]}}