{"id":72,"date":"2023-11-21T14:29:00","date_gmt":"2023-11-21T17:29:00","guid":{"rendered":"https:\/\/infraloc.com.br\/?page_id=72"},"modified":"2023-11-27T16:50:38","modified_gmt":"2023-11-27T19:50:38","slug":"escritorio","status":"publish","type":"page","link":"https:\/\/infraloc.com.br\/index.php\/escritorio\/","title":{"rendered":"Escrit\u00f3rio"},"content":{"rendered":"\t\t<div data-elementor-type=\"wp-page\" data-elementor-id=\"72\" class=\"elementor elementor-72\" data-elementor-post-type=\"page\">\n\t\t\t\t<div class=\"elementor-element elementor-element-4cefed2 e-flex e-con-boxed e-con e-parent\" data-id=\"4cefed2\" data-element_type=\"container\" data-e-type=\"container\">\n\t\t\t\t\t<div class=\"e-con-inner\">\n\t\t\t\t<div class=\"elementor-element elementor-element-140a19a elementor-widget elementor-widget-heading\" data-id=\"140a19a\" data-element_type=\"widget\" data-e-type=\"widget\" data-widget_type=\"heading.default\">\n\t\t\t\t<div class=\"elementor-widget-container\">\n\t\t\t\t\t<h2 class=\"elementor-heading-title elementor-size-default\">O melhor em qualidade e conforto para sua empresa<\/h2>\t\t\t\t<\/div>\n\t\t\t\t<\/div>\n\t\t\t\t\t<\/div>\n\t\t\t\t<\/div>\n\t\t<div class=\"elementor-element elementor-element-003f8a3 e-flex e-con-boxed e-con e-parent\" data-id=\"003f8a3\" data-element_type=\"container\" data-e-type=\"container\">\n\t\t\t\t\t<div class=\"e-con-inner\">\n\t\t<div class=\"elementor-element elementor-element-4ae49fb e-con-full e-flex elementor-invisible e-con e-child\" data-id=\"4ae49fb\" data-element_type=\"container\" data-e-type=\"container\" data-settings=\"{&quot;animation&quot;:&quot;fadeIn&quot;}\">\n\t\t\t\t<div class=\"elementor-element elementor-element-014c700 elementor-widget elementor-widget-image\" data-id=\"014c700\" data-element_type=\"widget\" data-e-type=\"widget\" data-widget_type=\"image.default\">\n\t\t\t\t<div class=\"elementor-widget-container\">\n\t\t\t\t\t\t\t\t\t\t\t\t\t\t\t<img fetchpriority=\"high\" decoding=\"async\" width=\"208\" height=\"389\" src=\"https:\/\/infraloc.com.br\/wp-content\/uploads\/2023\/11\/Cadeira-confort.png\" class=\"attachment-large size-large wp-image-46\" alt=\"\" srcset=\"https:\/\/infraloc.com.br\/wp-content\/uploads\/2023\/11\/Cadeira-confort.png 208w, https:\/\/infraloc.com.br\/wp-content\/uploads\/2023\/11\/Cadeira-confort-160x300.png 160w\" sizes=\"(max-width: 208px) 100vw, 208px\" \/>\t\t\t\t\t\t\t\t\t\t\t\t\t\t\t<\/div>\n\t\t\t\t<\/div>\n\t\t\t\t<div class=\"elementor-element elementor-element-73d176f elementor-widget elementor-widget-heading\" data-id=\"73d176f\" data-element_type=\"widget\" data-e-type=\"widget\" data-widget_type=\"heading.default\">\n\t\t\t\t<div class=\"elementor-widget-container\">\n\t\t\t\t\t<h4 class=\"elementor-heading-title elementor-size-default\">cadeira confort<\/h4>\t\t\t\t<\/div>\n\t\t\t\t<\/div>\n\t\t\t\t<div class=\"elementor-element elementor-element-2393726 elementor-widget elementor-widget-heading\" data-id=\"2393726\" data-element_type=\"widget\" data-e-type=\"widget\" data-widget_type=\"heading.default\">\n\t\t\t\t<div class=\"elementor-widget-container\">\n\t\t\t\t\t<h5 class=\"elementor-heading-title elementor-size-default\">cad4011<\/h5>\t\t\t\t<\/div>\n\t\t\t\t<\/div>\n\t\t\t\t<\/div>\n\t\t<div class=\"elementor-element elementor-element-4a7f34c e-con-full e-flex elementor-invisible e-con e-child\" data-id=\"4a7f34c\" data-element_type=\"container\" data-e-type=\"container\" data-settings=\"{&quot;animation&quot;:&quot;fadeIn&quot;,&quot;animation_delay&quot;:300}\">\n\t\t\t\t<div class=\"elementor-element elementor-element-459c2b8 elementor-widget elementor-widget-image\" data-id=\"459c2b8\" data-element_type=\"widget\" data-e-type=\"widget\" data-widget_type=\"image.default\">\n\t\t\t\t<div class=\"elementor-widget-container\">\n\t\t\t\t\t\t\t\t\t\t\t\t\t\t\t<img decoding=\"async\" width=\"267\" height=\"391\" src=\"https:\/\/infraloc.com.br\/wp-content\/uploads\/2023\/11\/Cadeira-Diretor.png\" class=\"attachment-large size-large wp-image-47\" alt=\"\" srcset=\"https:\/\/infraloc.com.br\/wp-content\/uploads\/2023\/11\/Cadeira-Diretor.png 267w, https:\/\/infraloc.com.br\/wp-content\/uploads\/2023\/11\/Cadeira-Diretor-205x300.png 205w\" sizes=\"(max-width: 267px) 100vw, 267px\" \/>\t\t\t\t\t\t\t\t\t\t\t\t\t\t\t<\/div>\n\t\t\t\t<\/div>\n\t\t\t\t<div class=\"elementor-element elementor-element-431a29b elementor-widget elementor-widget-heading\" data-id=\"431a29b\" data-element_type=\"widget\" data-e-type=\"widget\" data-widget_type=\"heading.default\">\n\t\t\t\t<div class=\"elementor-widget-container\">\n\t\t\t\t\t<h4 class=\"elementor-heading-title elementor-size-default\">cadeira diretor<\/h4>\t\t\t\t<\/div>\n\t\t\t\t<\/div>\n\t\t\t\t<div class=\"elementor-element elementor-element-0ef0b81 elementor-widget elementor-widget-heading\" data-id=\"0ef0b81\" data-element_type=\"widget\" data-e-type=\"widget\" data-widget_type=\"heading.default\">\n\t\t\t\t<div class=\"elementor-widget-container\">\n\t\t\t\t\t<h5 class=\"elementor-heading-title elementor-size-default\">cad4003<\/h5>\t\t\t\t<\/div>\n\t\t\t\t<\/div>\n\t\t\t\t<\/div>\n\t\t<div class=\"elementor-element elementor-element-413d939 e-con-full e-flex elementor-invisible e-con e-child\" data-id=\"413d939\" data-element_type=\"container\" data-e-type=\"container\" data-settings=\"{&quot;animation&quot;:&quot;fadeIn&quot;,&quot;animation_delay&quot;:600}\">\n\t\t\t\t<div class=\"elementor-element elementor-element-d738fbe elementor-widget elementor-widget-image\" data-id=\"d738fbe\" data-element_type=\"widget\" data-e-type=\"widget\" data-widget_type=\"image.default\">\n\t\t\t\t<div class=\"elementor-widget-container\">\n\t\t\t\t\t\t\t\t\t\t\t\t\t\t\t<img decoding=\"async\" width=\"246\" height=\"332\" src=\"https:\/\/infraloc.com.br\/wp-content\/uploads\/2023\/11\/Cadeira-Executiva-e1700586816568.png\" class=\"attachment-full size-full wp-image-48\" alt=\"\" srcset=\"https:\/\/infraloc.com.br\/wp-content\/uploads\/2023\/11\/Cadeira-Executiva-e1700586816568.png 246w, https:\/\/infraloc.com.br\/wp-content\/uploads\/2023\/11\/Cadeira-Executiva-e1700586816568-222x300.png 222w\" sizes=\"(max-width: 246px) 100vw, 246px\" \/>\t\t\t\t\t\t\t\t\t\t\t\t\t\t\t<\/div>\n\t\t\t\t<\/div>\n\t\t\t\t<div class=\"elementor-element elementor-element-a4bb6f4 elementor-widget elementor-widget-heading\" data-id=\"a4bb6f4\" data-element_type=\"widget\" data-e-type=\"widget\" data-widget_type=\"heading.default\">\n\t\t\t\t<div class=\"elementor-widget-container\">\n\t\t\t\t\t<h4 class=\"elementor-heading-title elementor-size-default\">cadeira diretor<\/h4>\t\t\t\t<\/div>\n\t\t\t\t<\/div>\n\t\t\t\t<div class=\"elementor-element elementor-element-6d50865 elementor-widget elementor-widget-heading\" data-id=\"6d50865\" data-element_type=\"widget\" data-e-type=\"widget\" data-widget_type=\"heading.default\">\n\t\t\t\t<div class=\"elementor-widget-container\">\n\t\t\t\t\t<h5 class=\"elementor-heading-title elementor-size-default\">cad4003<\/h5>\t\t\t\t<\/div>\n\t\t\t\t<\/div>\n\t\t\t\t<\/div>\n\t\t<div class=\"elementor-element elementor-element-4679a92 e-con-full e-flex elementor-invisible e-con e-child\" data-id=\"4679a92\" data-element_type=\"container\" data-e-type=\"container\" data-settings=\"{&quot;animation&quot;:&quot;fadeIn&quot;,&quot;animation_delay&quot;:900}\">\n\t\t\t\t<div class=\"elementor-element elementor-element-30c3261 elementor-widget elementor-widget-image\" data-id=\"30c3261\" data-element_type=\"widget\" data-e-type=\"widget\" data-widget_type=\"image.default\">\n\t\t\t\t<div class=\"elementor-widget-container\">\n\t\t\t\t\t\t\t\t\t\t\t\t\t\t\t<img loading=\"lazy\" decoding=\"async\" width=\"231\" height=\"370\" src=\"https:\/\/infraloc.com.br\/wp-content\/uploads\/2023\/11\/Cadeira-presidente-e1700513536506.png\" class=\"attachment-large size-large wp-image-52\" alt=\"\" srcset=\"https:\/\/infraloc.com.br\/wp-content\/uploads\/2023\/11\/Cadeira-presidente-e1700513536506.png 231w, https:\/\/infraloc.com.br\/wp-content\/uploads\/2023\/11\/Cadeira-presidente-e1700513536506-187x300.png 187w\" sizes=\"(max-width: 231px) 100vw, 231px\" \/>\t\t\t\t\t\t\t\t\t\t\t\t\t\t\t<\/div>\n\t\t\t\t<\/div>\n\t\t\t\t<div class=\"elementor-element elementor-element-d52fcc4 elementor-widget elementor-widget-heading\" data-id=\"d52fcc4\" data-element_type=\"widget\" data-e-type=\"widget\" data-widget_type=\"heading.default\">\n\t\t\t\t<div class=\"elementor-widget-container\">\n\t\t\t\t\t<h4 class=\"elementor-heading-title elementor-size-default\">cadeira presidente<\/h4>\t\t\t\t<\/div>\n\t\t\t\t<\/div>\n\t\t\t\t<div class=\"elementor-element elementor-element-1fbe888 elementor-widget elementor-widget-heading\" data-id=\"1fbe888\" data-element_type=\"widget\" data-e-type=\"widget\" data-widget_type=\"heading.default\">\n\t\t\t\t<div class=\"elementor-widget-container\">\n\t\t\t\t\t<h5 class=\"elementor-heading-title elementor-size-default\">cad4002<\/h5>\t\t\t\t<\/div>\n\t\t\t\t<\/div>\n\t\t\t\t<\/div>\n\t\t<div class=\"elementor-element elementor-element-e1b41c4 e-con-full e-flex elementor-invisible e-con e-child\" data-id=\"e1b41c4\" data-element_type=\"container\" data-e-type=\"container\" data-settings=\"{&quot;animation&quot;:&quot;fadeIn&quot;,&quot;animation_delay&quot;:1200}\">\n\t\t\t\t<div class=\"elementor-element elementor-element-8c0e61c elementor-widget elementor-widget-image\" data-id=\"8c0e61c\" data-element_type=\"widget\" data-e-type=\"widget\" data-widget_type=\"image.default\">\n\t\t\t\t<div class=\"elementor-widget-container\">\n\t\t\t\t\t\t\t\t\t\t\t\t\t\t\t<img loading=\"lazy\" decoding=\"async\" width=\"241\" height=\"362\" src=\"https:\/\/infraloc.com.br\/wp-content\/uploads\/2023\/11\/Cadeira-Office.png\" class=\"attachment-large size-large wp-image-49\" alt=\"\" srcset=\"https:\/\/infraloc.com.br\/wp-content\/uploads\/2023\/11\/Cadeira-Office.png 241w, https:\/\/infraloc.com.br\/wp-content\/uploads\/2023\/11\/Cadeira-Office-200x300.png 200w\" sizes=\"(max-width: 241px) 100vw, 241px\" \/>\t\t\t\t\t\t\t\t\t\t\t\t\t\t\t<\/div>\n\t\t\t\t<\/div>\n\t\t\t\t<div class=\"elementor-element elementor-element-06a6cc6 elementor-widget elementor-widget-heading\" data-id=\"06a6cc6\" data-element_type=\"widget\" data-e-type=\"widget\" data-widget_type=\"heading.default\">\n\t\t\t\t<div class=\"elementor-widget-container\">\n\t\t\t\t\t<h4 class=\"elementor-heading-title elementor-size-default\">cadeira office<\/h4>\t\t\t\t<\/div>\n\t\t\t\t<\/div>\n\t\t\t\t<div class=\"elementor-element elementor-element-ed61d15 elementor-widget elementor-widget-heading\" data-id=\"ed61d15\" data-element_type=\"widget\" data-e-type=\"widget\" data-widget_type=\"heading.default\">\n\t\t\t\t<div class=\"elementor-widget-container\">\n\t\t\t\t\t<h5 class=\"elementor-heading-title elementor-size-default\">cad4008<\/h5>\t\t\t\t<\/div>\n\t\t\t\t<\/div>\n\t\t\t\t<\/div>\n\t\t<div class=\"elementor-element elementor-element-c24c46d e-con-full e-flex elementor-invisible e-con e-child\" data-id=\"c24c46d\" data-element_type=\"container\" data-e-type=\"container\" data-settings=\"{&quot;animation&quot;:&quot;fadeIn&quot;,&quot;animation_delay&quot;:1600}\">\n\t\t\t\t<div class=\"elementor-element elementor-element-db6bd6f elementor-widget elementor-widget-image\" data-id=\"db6bd6f\" data-element_type=\"widget\" data-e-type=\"widget\" data-widget_type=\"image.default\">\n\t\t\t\t<div class=\"elementor-widget-container\">\n\t\t\t\t\t\t\t\t\t\t\t\t\t\t\t<img loading=\"lazy\" decoding=\"async\" width=\"235\" height=\"361\" src=\"https:\/\/infraloc.com.br\/wp-content\/uploads\/2023\/11\/Cadeira-plus.png\" class=\"attachment-large size-large wp-image-50\" alt=\"\" srcset=\"https:\/\/infraloc.com.br\/wp-content\/uploads\/2023\/11\/Cadeira-plus.png 235w, https:\/\/infraloc.com.br\/wp-content\/uploads\/2023\/11\/Cadeira-plus-195x300.png 195w\" sizes=\"(max-width: 235px) 100vw, 235px\" \/>\t\t\t\t\t\t\t\t\t\t\t\t\t\t\t<\/div>\n\t\t\t\t<\/div>\n\t\t\t\t<div class=\"elementor-element elementor-element-cd5a5d7 elementor-widget elementor-widget-heading\" data-id=\"cd5a5d7\" data-element_type=\"widget\" data-e-type=\"widget\" data-widget_type=\"heading.default\">\n\t\t\t\t<div class=\"elementor-widget-container\">\n\t\t\t\t\t<h4 class=\"elementor-heading-title elementor-size-default\">cadeira plus<\/h4>\t\t\t\t<\/div>\n\t\t\t\t<\/div>\n\t\t\t\t<div class=\"elementor-element elementor-element-d298332 elementor-widget elementor-widget-heading\" data-id=\"d298332\" data-element_type=\"widget\" data-e-type=\"widget\" data-widget_type=\"heading.default\">\n\t\t\t\t<div class=\"elementor-widget-container\">\n\t\t\t\t\t<h5 class=\"elementor-heading-title elementor-size-default\">cad4009<\/h5>\t\t\t\t<\/div>\n\t\t\t\t<\/div>\n\t\t\t\t<\/div>\n\t\t<div class=\"elementor-element elementor-element-055af4d e-con-full e-flex elementor-invisible e-con e-child\" data-id=\"055af4d\" data-element_type=\"container\" data-e-type=\"container\" data-settings=\"{&quot;animation&quot;:&quot;fadeIn&quot;,&quot;animation_delay&quot;:2000}\">\n\t\t\t\t<div class=\"elementor-element elementor-element-fe5deff elementor-widget elementor-widget-image\" data-id=\"fe5deff\" data-element_type=\"widget\" data-e-type=\"widget\" data-widget_type=\"image.default\">\n\t\t\t\t<div class=\"elementor-widget-container\">\n\t\t\t\t\t\t\t\t\t\t\t\t\t\t\t<img loading=\"lazy\" decoding=\"async\" width=\"229\" height=\"343\" src=\"https:\/\/infraloc.com.br\/wp-content\/uploads\/2023\/11\/Cadeira-PP.png\" class=\"attachment-large size-large wp-image-51\" alt=\"\" srcset=\"https:\/\/infraloc.com.br\/wp-content\/uploads\/2023\/11\/Cadeira-PP.png 229w, https:\/\/infraloc.com.br\/wp-content\/uploads\/2023\/11\/Cadeira-PP-200x300.png 200w\" sizes=\"(max-width: 229px) 100vw, 229px\" \/>\t\t\t\t\t\t\t\t\t\t\t\t\t\t\t<\/div>\n\t\t\t\t<\/div>\n\t\t\t\t<div class=\"elementor-element elementor-element-d6266d6 elementor-widget elementor-widget-heading\" data-id=\"d6266d6\" data-element_type=\"widget\" data-e-type=\"widget\" data-widget_type=\"heading.default\">\n\t\t\t\t<div class=\"elementor-widget-container\">\n\t\t\t\t\t<h4 class=\"elementor-heading-title elementor-size-default\">cadeira pp<\/h4>\t\t\t\t<\/div>\n\t\t\t\t<\/div>\n\t\t\t\t<div class=\"elementor-element elementor-element-d1f4ae6 elementor-widget elementor-widget-heading\" data-id=\"d1f4ae6\" data-element_type=\"widget\" data-e-type=\"widget\" data-widget_type=\"heading.default\">\n\t\t\t\t<div class=\"elementor-widget-container\">\n\t\t\t\t\t<h5 class=\"elementor-heading-title elementor-size-default\">cad4009<\/h5>\t\t\t\t<\/div>\n\t\t\t\t<\/div>\n\t\t\t\t<\/div>\n\t\t<div class=\"elementor-element elementor-element-c570d47 e-con-full e-flex elementor-invisible e-con e-child\" data-id=\"c570d47\" data-element_type=\"container\" data-e-type=\"container\" data-settings=\"{&quot;animation&quot;:&quot;fadeIn&quot;,&quot;animation_delay&quot;:2400}\">\n\t\t\t\t<div class=\"elementor-element elementor-element-d585e5d elementor-widget elementor-widget-image\" data-id=\"d585e5d\" data-element_type=\"widget\" data-e-type=\"widget\" data-widget_type=\"image.default\">\n\t\t\t\t<div class=\"elementor-widget-container\">\n\t\t\t\t\t\t\t\t\t\t\t\t\t\t\t<img loading=\"lazy\" decoding=\"async\" width=\"248\" height=\"355\" src=\"https:\/\/infraloc.com.br\/wp-content\/uploads\/2023\/11\/Cadeira-Secretaria.png\" class=\"attachment-large size-large wp-image-53\" alt=\"\" srcset=\"https:\/\/infraloc.com.br\/wp-content\/uploads\/2023\/11\/Cadeira-Secretaria.png 248w, https:\/\/infraloc.com.br\/wp-content\/uploads\/2023\/11\/Cadeira-Secretaria-210x300.png 210w\" sizes=\"(max-width: 248px) 100vw, 248px\" \/>\t\t\t\t\t\t\t\t\t\t\t\t\t\t\t<\/div>\n\t\t\t\t<\/div>\n\t\t\t\t<div class=\"elementor-element elementor-element-b666488 elementor-widget elementor-widget-heading\" data-id=\"b666488\" data-element_type=\"widget\" data-e-type=\"widget\" data-widget_type=\"heading.default\">\n\t\t\t\t<div class=\"elementor-widget-container\">\n\t\t\t\t\t<h4 class=\"elementor-heading-title elementor-size-default\">cadeira secret\u00e1ria<\/h4>\t\t\t\t<\/div>\n\t\t\t\t<\/div>\n\t\t\t\t<div class=\"elementor-element elementor-element-c02d6f3 elementor-widget elementor-widget-heading\" data-id=\"c02d6f3\" data-element_type=\"widget\" data-e-type=\"widget\" data-widget_type=\"heading.default\">\n\t\t\t\t<div class=\"elementor-widget-container\">\n\t\t\t\t\t<h5 class=\"elementor-heading-title elementor-size-default\">cad4001<\/h5>\t\t\t\t<\/div>\n\t\t\t\t<\/div>\n\t\t\t\t<\/div>\n\t\t\t\t\t<\/div>\n\t\t\t\t<\/div>\n\t\t<div class=\"elementor-element elementor-element-e1fb877 e-flex e-con-boxed e-con e-parent\" data-id=\"e1fb877\" data-element_type=\"container\" data-e-type=\"container\">\n\t\t\t\t\t<div class=\"e-con-inner\">\n\t\t\t\t<div class=\"elementor-element elementor-element-3c2db99 elementor-widget elementor-widget-heading\" data-id=\"3c2db99\" data-element_type=\"widget\" data-e-type=\"widget\" data-widget_type=\"heading.default\">\n\t\t\t\t<div class=\"elementor-widget-container\">\n\t\t\t\t\t<h4 class=\"elementor-heading-title elementor-size-default\">Veja todos os nossos produtos clicando no bot\u00e3o abaixo<\/h4>\t\t\t\t<\/div>\n\t\t\t\t<\/div>\n\t\t\t\t<div class=\"elementor-element elementor-element-f754a45 elementor-align-center elementor-widget elementor-widget-button\" data-id=\"f754a45\" data-element_type=\"widget\" data-e-type=\"widget\" data-widget_type=\"button.default\">\n\t\t\t\t<div class=\"elementor-widget-container\">\n\t\t\t\t\t\t\t\t\t<div class=\"elementor-button-wrapper\">\n\t\t\t\t\t<a class=\"elementor-button elementor-button-link elementor-size-sm\" href=\"https:\/\/infraloc.com.br\/wp-content\/uploads\/2023\/11\/CATALOGO.pdf\">\n\t\t\t\t\t\t<span class=\"elementor-button-content-wrapper\">\n\t\t\t\t\t\t\t\t\t<span class=\"elementor-button-text\">Cat\u00e1logo Completo<\/span>\n\t\t\t\t\t<\/span>\n\t\t\t\t\t<\/a>\n\t\t\t\t<\/div>\n\t\t\t\t\t\t\t\t<\/div>\n\t\t\t\t<\/div>\n\t\t\t\t\t<\/div>\n\t\t\t\t<\/div>\n\t\t\t\t<\/div>\n\t\t","protected":false},"excerpt":{"rendered":"<p>O melhor em qualidade e conforto para sua empresa cadeira confort cad4011 cadeira diretor cad4003 cadeira diretor cad4003 cadeira presidente cad4002 cadeira office cad4008 cadeira plus cad4009 cadeira pp cad4009 cadeira secret\u00e1ria cad4001 Veja todos os nossos produtos clicando no bot\u00e3o abaixo Cat\u00e1logo Completo<\/p>\n","protected":false},"author":1,"featured_media":0,"parent":0,"menu_order":0,"comment_status":"closed","ping_status":"closed","template":"elementor_header_footer","meta":{"footnotes":""},"class_list":["post-72","page","type-page","status-publish","hentry"],"_hostinger_reach_plugin_has_subscription_block":false,"_hostinger_reach_plugin_is_elementor":false,"_links":{"self":[{"href":"https:\/\/infraloc.com.br\/index.php\/wp-json\/wp\/v2\/pages\/72","targetHints":{"allow":["GET"]}}],"collection":[{"href":"https:\/\/infraloc.com.br\/index.php\/wp-json\/wp\/v2\/pages"}],"about":[{"href":"https:\/\/infraloc.com.br\/index.php\/wp-json\/wp\/v2\/types\/page"}],"author":[{"embeddable":true,"href":"https:\/\/infraloc.com.br\/index.php\/wp-json\/wp\/v2\/users\/1"}],"replies":[{"embeddable":true,"href":"https:\/\/infraloc.com.br\/index.php\/wp-json\/wp\/v2\/comments?post=72"}],"version-history":[{"count":22,"href":"https:\/\/infraloc.com.br\/index.php\/wp-json\/wp\/v2\/pages\/72\/revisions"}],"predecessor-version":[{"id":490,"href":"https:\/\/infraloc.com.br\/index.php\/wp-json\/wp\/v2\/pages\/72\/revisions\/490"}],"wp:attachment":[{"href":"https:\/\/infraloc.com.br\/index.php\/wp-json\/wp\/v2\/media?parent=72"}],"curies":[{"name":"wp","href":"https:\/\/api.w.org\/{rel}","templated":true}]}}